{"id":2452,"date":"2018-12-07T11:16:31","date_gmt":"2018-12-07T10:16:31","guid":{"rendered":"http:\/\/www2.residenceclara.com\/?page_id=2452"},"modified":"2019-02-01T12:03:41","modified_gmt":"2019-02-01T11:03:41","slug":"attivita_fie_altoadige","status":"publish","type":"page","link":"https:\/\/www.residenceclara.com\/it\/attivita_fie_altoadige\/","title":{"rendered":"Attivit\u00e0"},"content":{"rendered":"<div class=\"wpb-content-wrapper\"><p>[vc_row][vc_column width=&#8221;1\/6&#8243;][\/vc_column][vc_column width=&#8221;2\/3&#8243;]<div  class=\"main-heading\"><span class=\"subtitle\">Attivit\u00e0 in<\/span><h2 class=\"title\" style=\"color:#7f9467;\">Estate<\/h2><\/div><div  class=\"empty-space  marg-lg-b30\"><\/div><div class=\"text-block \" ><div class=\"simple-text \"><p style=\"text-align: justify;\">Molti chilometri di sentieri per <strong>passeggiate, escursioni alpine, arrampicate e sentieri ciclabili<\/strong> con il mountainbike oppure e-bike conducono attraverso pascoli, prati e boschi alle localit\u00e0 pi\u00f9 panoramiche delle <strong>Dolomiti<\/strong>. <strong>L\u2019Alpe di Siusi<\/strong> famoso per la straordinaria flora e fauna \u00e8 raggiungibile con la cabinovia, che dista 5 minuti in macchina dalla nostra casa. Il laghetto di Fi\u00e9 \u00e8 ideale per fare il<strong> bagno<\/strong>, come il nostro stagno balneabile. Una piccola cassetta di legno offre il posto per fare esercizi fisici oppure yoga.<\/p>\n<p style=\"text-align: justify;\">Una visita al <strong>castello di Presule<\/strong> d\u00e0 la possibilit\u00e0 di entrare nella storia medievale del posto, ma anche il centro di Fi\u00e9 \u00e8 idillico con la chiesa, la fontana e la piazza.<\/p>\n<p style=\"text-align: justify;\"><strong>I sentieri tematici <\/strong>come il sentiero delle streghe sull\u2019Alpe di Siusi, il sentiero dei funghi a Laranza oppure il sentiero del cantautore medievale Osvaldo di Wolkenstein nel bosco di Ratzes fanno divertire gli ospiti piccoli e danno possibilit\u00e0 di esplorare <strong>la natura<\/strong> insieme alla famiglia.<\/p>\n<\/div><\/div><div  class=\"empty-space  marg-lg-b80\"><\/div>[\/vc_column][vc_column width=&#8221;1\/6&#8243;][\/vc_column][\/vc_row][vc_row full_width=&#8221;stretch_row_content_no_spaces&#8221;][vc_column]<div  class=\"jumbotron has-overlay jumbotron--lg\"  data-image=\"https:\/\/www.residenceclara.com\/wp-content\/uploads\/2018\/11\/Familie-4_Seiser-Alm-Marketing_Laurin-Moser.jpeg\"><div class=\"row\"><div class=\"col-md-12 jumbotron-text__content\"><div class=\"spacing\" style=\"height: 30px\"><\/div><div class=\"subtitle subtitle--lg\" style=\"color:#7f9467;\">Attivit\u00e0 ed escursioni<\/div><div class=\"title title--lg\">...per il benessere<\/div><\/div><\/div><\/div>[\/vc_column][\/vc_row][vc_row][vc_column width=&#8221;1\/6&#8243;][\/vc_column][vc_column width=&#8221;2\/3&#8243;]<div  class=\"empty-space  marg-lg-b80\"><\/div><div  class=\"main-heading\"><span class=\"subtitle\">Attivit\u00e0 in<\/span><h2 class=\"title\" style=\"color:#7f9467;\">inverno<\/h2><\/div><div  class=\"empty-space  marg-lg-b30\"><\/div><div class=\"text-block \" ><div class=\"simple-text \"><p style=\"text-align: justify;\">In inverno l\u2019Alpe di Siusi diventa un esteso paradiso bianco con <strong>piste da discesa, da fondo,<\/strong> da pattinaggio e da slitta per ogni esigenza.<\/p>\n<p style=\"text-align: justify;\"><strong>Pattinare, slittare<\/strong> e fare curling in inverno \u00e8 possibile anche al magnifico laghetto di Fi\u00e8, poco distante dalla nostra casa.<\/p>\n<p style=\"text-align: justify;\">Noi siamo appassionati escursionisti di montagna e possiamo dare informazioni su sentieri, animali e piante della zona. Diversi materiali informativi sulla zona sono esposti all\u2019entrata del Residence.<\/p>\n<\/div><\/div><div  class=\"empty-space  marg-lg-b80\"><\/div>[\/vc_column][vc_column width=&#8221;1\/6&#8243;][\/vc_column][\/vc_row][vc_row full_width=&#8221;stretch_row_content_no_spaces&#8221; css=&#8221;.vc_custom_1541754689661{margin-bottom: 0px !important;border-bottom-width: 0px !important;padding-bottom: 0px !important;}&#8221;][vc_column css=&#8221;.vc_custom_1541676959803{margin-bottom: 0px !important;}&#8221;]<div\n        class=\"fat-gallery listing-advance overflow-hidden col-padding-5 paging fat-gallery-move\"\n        id=\"fat-gallery-69ea42db5b844\">\n            <div\n            class=\"fat-gallery-wrapper fat-col-md-3 grid \"\n            data-section-id=\"69ea42db5b844\"\n            id=\"fat-gallery-container-69ea42db5b844\"\n            data-columns=\"3\" style=\"opacity: 0\"\n            data-hide-download=\"0\"\n            data-hide-fullscreen=\"\"\n            data-hide-zoom=\"\"\n            data-hide-autoplay=\"\"\n            data-show-thumbnail=\"0\"\n            data-hide-share=\"\"\n            data-hide-image-counter=\"\"\n    >\n                <div class=\"fat-gallery-item zoe  fat-light-gallery\" data-gallery=\"3152\" data-sub-html=\"#69ea42db5c584\" data-src=\"https:\/\/www.residenceclara.com\/wp-content\/uploads\/2018\/11\/foto-haus-u-umgebung-2011teil-2-043-1.jpg\"  data-index=\"2\">\n            <div class=\"fat-thumbnail \" data-width=\"628\"\n     data-height=\"475\" data-lazy-src=\"https:\/\/www.residenceclara.com\/wp-content\/uploads\/2018\/11\/foto-haus-u-umgebung-2011teil-2-043-1-628x475.jpg\"\n     data-alt=\"foto haus u umgebung 2011teil 2 043\"\n>\n    <a class=\"fat-image-clickable\" href=\"javascript:void(0)\"><\/a>\n            <img loading=\"lazy\" decoding=\"async\" width=\"628\" height=\"475\"\n             src=\"https:\/\/www.residenceclara.com\/wp-content\/uploads\/2018\/11\/foto-haus-u-umgebung-2011teil-2-043-1-628x475.jpg\" alt=\"foto haus u umgebung 2011teil 2 043\" \/>\n\n        <div class=\"fat-thumbnail-hover\">\n        <div class=\"fat-hover-outer\">\n            <div class=\"fat-hover-inner line-height-1\">\n                <div class=\"fat-gallery-icon\" style=\"display: none\">\n                    <a href=\"https:\/\/www.residenceclara.com\/wp-content\/uploads\/2018\/11\/foto-haus-u-umgebung-2011teil-2-043-1.jpg\" target=\"_blank\"  data-exthumbimage=\"https:\/\/www.residenceclara.com\/wp-content\/uploads\/2018\/11\/foto-haus-u-umgebung-2011teil-2-043-1.jpg\"\n                       class=\"magnific-popup  mfp-image gallery-1650\"\n                       data-gallery=\"1650\"\n                       data-iframe = ''\n                       data-extra-title-link=\"\"\n                       data-excerpt = \"\"\n                       title=\"foto haus u umgebung 2011teil 2 043\">\n                        <i class=\"fa fa-search\"><\/i>\n                    <\/a>\n                <\/div>\n                                    <div class=\"fat-gallery-excerpt\">\n                                            <\/div>\n                \n                            <\/div>\n        <\/div>\n    <\/div>\n<\/div>            <div id=\"69ea42db5c584\" style=\"display: none\">\n                <div>foto haus u umgebung 2011teil 2 043<\/div>\n                <div><\/div>\n            <\/div>\n        <\/div>\n                <div class=\"fat-gallery-item zoe  fat-light-gallery\" data-gallery=\"3140\" data-sub-html=\"#69ea42db5c6c3\" data-src=\"https:\/\/www.residenceclara.com\/wp-content\/uploads\/2018\/11\/DSCN1494-1.jpg\"  data-index=\"3\">\n            <div class=\"fat-thumbnail \" data-width=\"628\"\n     data-height=\"475\" data-lazy-src=\"https:\/\/www.residenceclara.com\/wp-content\/uploads\/2018\/11\/DSCN1494-1-628x475.jpg\"\n     data-alt=\"DSCN1494\"\n>\n    <a class=\"fat-image-clickable\" href=\"javascript:void(0)\"><\/a>\n            <img loading=\"lazy\" decoding=\"async\" width=\"628\" height=\"475\"\n             src=\"https:\/\/www.residenceclara.com\/wp-content\/uploads\/2018\/11\/DSCN1494-1-628x475.jpg\" alt=\"DSCN1494\" \/>\n\n        <div class=\"fat-thumbnail-hover\">\n        <div class=\"fat-hover-outer\">\n            <div class=\"fat-hover-inner line-height-1\">\n                <div class=\"fat-gallery-icon\" style=\"display: none\">\n                    <a href=\"https:\/\/www.residenceclara.com\/wp-content\/uploads\/2018\/11\/DSCN1494-1.jpg\" target=\"_blank\"  data-exthumbimage=\"https:\/\/www.residenceclara.com\/wp-content\/uploads\/2018\/11\/DSCN1494-1.jpg\"\n                       class=\"magnific-popup  mfp-image gallery-1650\"\n                       data-gallery=\"1650\"\n                       data-iframe = ''\n                       data-extra-title-link=\"\"\n                       data-excerpt = \"\"\n                       title=\"DSCN1494\">\n                        <i class=\"fa fa-search\"><\/i>\n                    <\/a>\n                <\/div>\n                                    <div class=\"fat-gallery-excerpt\">\n                                            <\/div>\n                \n                            <\/div>\n        <\/div>\n    <\/div>\n<\/div>            <div id=\"69ea42db5c6c3\" style=\"display: none\">\n                <div>DSCN1494<\/div>\n                <div><\/div>\n            <\/div>\n        <\/div>\n                <div class=\"fat-gallery-item zoe  fat-light-gallery\" data-gallery=\"3149\" data-sub-html=\"#69ea42db5c7be\" data-src=\"https:\/\/www.residenceclara.com\/wp-content\/uploads\/2018\/11\/foto-haus-u-umgebung-2011-014-1.jpg\"  data-index=\"4\">\n            <div class=\"fat-thumbnail \" data-width=\"628\"\n     data-height=\"475\" data-lazy-src=\"https:\/\/www.residenceclara.com\/wp-content\/uploads\/2018\/11\/foto-haus-u-umgebung-2011-014-1-628x475.jpg\"\n     data-alt=\"foto haus u umgebung 2011 014\"\n>\n    <a class=\"fat-image-clickable\" href=\"javascript:void(0)\"><\/a>\n            <img loading=\"lazy\" decoding=\"async\" width=\"628\" height=\"475\"\n             src=\"https:\/\/www.residenceclara.com\/wp-content\/uploads\/2018\/11\/foto-haus-u-umgebung-2011-014-1-628x475.jpg\" alt=\"foto haus u umgebung 2011 014\" \/>\n\n        <div class=\"fat-thumbnail-hover\">\n        <div class=\"fat-hover-outer\">\n            <div class=\"fat-hover-inner line-height-1\">\n                <div class=\"fat-gallery-icon\" style=\"display: none\">\n                    <a href=\"https:\/\/www.residenceclara.com\/wp-content\/uploads\/2018\/11\/foto-haus-u-umgebung-2011-014-1.jpg\" target=\"_blank\"  data-exthumbimage=\"https:\/\/www.residenceclara.com\/wp-content\/uploads\/2018\/11\/foto-haus-u-umgebung-2011-014-1.jpg\"\n                       class=\"magnific-popup  mfp-image gallery-1650\"\n                       data-gallery=\"1650\"\n                       data-iframe = ''\n                       data-extra-title-link=\"\"\n                       data-excerpt = \"\"\n                       title=\"foto haus u umgebung 2011 014\">\n                        <i class=\"fa fa-search\"><\/i>\n                    <\/a>\n                <\/div>\n                                    <div class=\"fat-gallery-excerpt\">\n                                            <\/div>\n                \n                            <\/div>\n        <\/div>\n    <\/div>\n<\/div>            <div id=\"69ea42db5c7be\" style=\"display: none\">\n                <div>foto haus u umgebung 2011 014<\/div>\n                <div><\/div>\n            <\/div>\n        <\/div>\n                <div class=\"fat-gallery-item zoe  fat-light-gallery\" data-gallery=\"3161\" data-sub-html=\"#69ea42db5c8ac\" data-src=\"https:\/\/www.residenceclara.com\/wp-content\/uploads\/2018\/11\/Schloss-Pr\u00f6sels_Seiser-Alm-Marketing_Laurin-Moser-1.jpeg\"  data-index=\"5\">\n            <div class=\"fat-thumbnail \" data-width=\"628\"\n     data-height=\"475\" data-lazy-src=\"https:\/\/www.residenceclara.com\/wp-content\/uploads\/2018\/11\/Schloss-Pr\u00f6sels_Seiser-Alm-Marketing_Laurin-Moser-1-628x475.jpeg\"\n     data-alt=\"Schloss-Pr\u00f6sels_Seiser-Alm-Marketing_Laurin-Moser\"\n>\n    <a class=\"fat-image-clickable\" href=\"javascript:void(0)\"><\/a>\n            <img loading=\"lazy\" decoding=\"async\" width=\"628\" height=\"475\"\n             src=\"https:\/\/www.residenceclara.com\/wp-content\/uploads\/2018\/11\/Schloss-Pr\u00f6sels_Seiser-Alm-Marketing_Laurin-Moser-1-628x475.jpeg\" alt=\"Schloss-Pr\u00f6sels_Seiser-Alm-Marketing_Laurin-Moser\" \/>\n\n        <div class=\"fat-thumbnail-hover\">\n        <div class=\"fat-hover-outer\">\n            <div class=\"fat-hover-inner line-height-1\">\n                <div class=\"fat-gallery-icon\" style=\"display: none\">\n                    <a href=\"https:\/\/www.residenceclara.com\/wp-content\/uploads\/2018\/11\/Schloss-Pr\u00f6sels_Seiser-Alm-Marketing_Laurin-Moser-1.jpeg\" target=\"_blank\"  data-exthumbimage=\"https:\/\/www.residenceclara.com\/wp-content\/uploads\/2018\/11\/Schloss-Pr\u00f6sels_Seiser-Alm-Marketing_Laurin-Moser-1.jpeg\"\n                       class=\"magnific-popup  mfp-image gallery-1650\"\n                       data-gallery=\"1650\"\n                       data-iframe = ''\n                       data-extra-title-link=\"\"\n                       data-excerpt = \"\"\n                       title=\"Schloss-Pr\u00f6sels_Seiser-Alm-Marketing_Laurin-Moser\">\n                        <i class=\"fa fa-search\"><\/i>\n                    <\/a>\n                <\/div>\n                                    <div class=\"fat-gallery-excerpt\">\n                                            <\/div>\n                \n                            <\/div>\n        <\/div>\n    <\/div>\n<\/div>            <div id=\"69ea42db5c8ac\" style=\"display: none\">\n                <div>Schloss-Pr\u00f6sels_Seiser-Alm-Marketing_Laurin-Moser<\/div>\n                <div><\/div>\n            <\/div>\n        <\/div>\n                <div class=\"fat-gallery-item zoe  fat-light-gallery\" data-gallery=\"3155\" data-sub-html=\"#69ea42db5c996\" data-src=\"https:\/\/www.residenceclara.com\/wp-content\/uploads\/2018\/11\/Schneeschuhwandern_Seiser-Alm-Marketing_Helmuth-Rier-6-1.jpg\"  data-index=\"6\">\n            <div class=\"fat-thumbnail \" data-width=\"628\"\n     data-height=\"475\" data-lazy-src=\"https:\/\/www.residenceclara.com\/wp-content\/uploads\/2018\/11\/Schneeschuhwandern_Seiser-Alm-Marketing_Helmuth-Rier-6-1-628x475.jpg\"\n     data-alt=\"Schneeschuhwandern_Seiser Alm Marketing_Helmuth Rier (6)\"\n>\n    <a class=\"fat-image-clickable\" href=\"javascript:void(0)\"><\/a>\n            <img loading=\"lazy\" decoding=\"async\" width=\"628\" height=\"475\"\n             src=\"https:\/\/www.residenceclara.com\/wp-content\/uploads\/2018\/11\/Schneeschuhwandern_Seiser-Alm-Marketing_Helmuth-Rier-6-1-628x475.jpg\" alt=\"Schneeschuhwandern_Seiser Alm Marketing_Helmuth Rier (6)\" \/>\n\n        <div class=\"fat-thumbnail-hover\">\n        <div class=\"fat-hover-outer\">\n            <div class=\"fat-hover-inner line-height-1\">\n                <div class=\"fat-gallery-icon\" style=\"display: none\">\n                    <a href=\"https:\/\/www.residenceclara.com\/wp-content\/uploads\/2018\/11\/Schneeschuhwandern_Seiser-Alm-Marketing_Helmuth-Rier-6-1.jpg\" target=\"_blank\"  data-exthumbimage=\"https:\/\/www.residenceclara.com\/wp-content\/uploads\/2018\/11\/Schneeschuhwandern_Seiser-Alm-Marketing_Helmuth-Rier-6-1.jpg\"\n                       class=\"magnific-popup  mfp-image gallery-1650\"\n                       data-gallery=\"1650\"\n                       data-iframe = ''\n                       data-extra-title-link=\"\"\n                       data-excerpt = \"\"\n                       title=\"Schneeschuhwandern_Seiser Alm Marketing_Helmuth Rier (6)\">\n                        <i class=\"fa fa-search\"><\/i>\n                    <\/a>\n                <\/div>\n                                    <div class=\"fat-gallery-excerpt\">\n                                            <\/div>\n                \n                            <\/div>\n        <\/div>\n    <\/div>\n<\/div>            <div id=\"69ea42db5c996\" style=\"display: none\">\n                <div>Schneeschuhwandern_Seiser Alm Marketing_Helmuth Rier (6)<\/div>\n                <div><\/div>\n            <\/div>\n        <\/div>\n                <div class=\"fat-gallery-item zoe  fat-light-gallery\" data-gallery=\"3158\" data-sub-html=\"#69ea42db5ca7e\" data-src=\"https:\/\/www.residenceclara.com\/wp-content\/uploads\/2018\/11\/Seiser-Alm-5_Seiser-Alm-Marketing_Laurin-Moser-1.jpeg\"  data-index=\"7\">\n            <div class=\"fat-thumbnail \" data-width=\"628\"\n     data-height=\"475\" data-lazy-src=\"https:\/\/www.residenceclara.com\/wp-content\/uploads\/2018\/11\/Seiser-Alm-5_Seiser-Alm-Marketing_Laurin-Moser-1-628x475.jpeg\"\n     data-alt=\"Seiser Alm 5_Seiser Alm Marketing_Laurin Moser\"\n>\n    <a class=\"fat-image-clickable\" href=\"javascript:void(0)\"><\/a>\n            <img loading=\"lazy\" decoding=\"async\" width=\"628\" height=\"475\"\n             src=\"https:\/\/www.residenceclara.com\/wp-content\/uploads\/2018\/11\/Seiser-Alm-5_Seiser-Alm-Marketing_Laurin-Moser-1-628x475.jpeg\" alt=\"Seiser Alm 5_Seiser Alm Marketing_Laurin Moser\" \/>\n\n        <div class=\"fat-thumbnail-hover\">\n        <div class=\"fat-hover-outer\">\n            <div class=\"fat-hover-inner line-height-1\">\n                <div class=\"fat-gallery-icon\" style=\"display: none\">\n                    <a href=\"https:\/\/www.residenceclara.com\/wp-content\/uploads\/2018\/11\/Seiser-Alm-5_Seiser-Alm-Marketing_Laurin-Moser-1.jpeg\" target=\"_blank\"  data-exthumbimage=\"https:\/\/www.residenceclara.com\/wp-content\/uploads\/2018\/11\/Seiser-Alm-5_Seiser-Alm-Marketing_Laurin-Moser-1.jpeg\"\n                       class=\"magnific-popup  mfp-image gallery-1650\"\n                       data-gallery=\"1650\"\n                       data-iframe = ''\n                       data-extra-title-link=\"\"\n                       data-excerpt = \"\"\n                       title=\"Seiser Alm 5_Seiser Alm Marketing_Laurin Moser\">\n                        <i class=\"fa fa-search\"><\/i>\n                    <\/a>\n                <\/div>\n                                    <div class=\"fat-gallery-excerpt\">\n                                            <\/div>\n                \n                            <\/div>\n        <\/div>\n    <\/div>\n<\/div>            <div id=\"69ea42db5ca7e\" style=\"display: none\">\n                <div>Seiser Alm 5_Seiser Alm Marketing_Laurin Moser<\/div>\n                <div><\/div>\n            <\/div>\n        <\/div>\n                \n    <\/div>\n\n    \n<\/div>\n\n <!--<script src=\"https:\/\/ajax.googleapis.com\/ajax\/libs\/jquery\/3.6.0\/jquery.min.js\"><\/script>-->\n    <script type=\"text\/javascript\">\n        (function ($) {\n            \"use strict\";\n            $(document).ready(function () {\n                var $container = jQuery('#fat-gallery-container-69ea42db5b844');\n                jQuery('.fat-gallery-item.hover-dir > div.fat-thumbnail').hoverdir();\n\n\n                \n                FatGallery.init('https:\/\/www.residenceclara.com\/wp-admin\/admin-ajax.php', '69ea42db5b844', 'light-gallery', 'lg-fade');\n                                $container.css('opacity', '1');\n            })\n        })(jQuery);\n    <\/script>\n[\/vc_column][\/vc_row]<\/p>\n<\/div>","protected":false},"excerpt":{"rendered":"<p>[vc_row][vc_column width=&#8221;1\/6&#8243;][\/vc_column][vc_column width=&#8221;2\/3&#8243;][\/vc_column][vc_column width=&#8221;1\/6&#8243;][\/vc_column][\/vc_row][vc_row full_width=&#8221;stretch_row_content_no_spaces&#8221;][vc_column][\/vc_column][\/vc_row][vc_row][vc_column width=&#8221;1\/6&#8243;][\/vc_column][vc_column width=&#8221;2\/3&#8243;][\/vc_column][vc_column width=&#8221;1\/6&#8243;][\/vc_column][\/vc_row][vc_row full_width=&#8221;stretch_row_content_no_spaces&#8221; css=&#8221;.vc_custom_1541754689661{margin-bottom: 0px !important;border-bottom-width: 0px !important;padding-bottom: 0px !important;}&#8221;][vc_column css=&#8221;.vc_custom_1541676959803{margin-bottom: 0px !important;}&#8221;][\/vc_column][\/vc_row]<\/p>\n","protected":false},"author":1,"featured_media":0,"parent":0,"menu_order":0,"comment_status":"closed","ping_status":"closed","template":"","meta":{"footnotes":""},"class_list":["post-2452","page","type-page","status-publish","hentry"],"_links":{"self":[{"href":"https:\/\/www.residenceclara.com\/it\/wp-json\/wp\/v2\/pages\/2452","targetHints":{"allow":["GET"]}}],"collection":[{"href":"https:\/\/www.residenceclara.com\/it\/wp-json\/wp\/v2\/pages"}],"about":[{"href":"https:\/\/www.residenceclara.com\/it\/wp-json\/wp\/v2\/types\/page"}],"author":[{"embeddable":true,"href":"https:\/\/www.residenceclara.com\/it\/wp-json\/wp\/v2\/users\/1"}],"replies":[{"embeddable":true,"href":"https:\/\/www.residenceclara.com\/it\/wp-json\/wp\/v2\/comments?post=2452"}],"version-history":[{"count":12,"href":"https:\/\/www.residenceclara.com\/it\/wp-json\/wp\/v2\/pages\/2452\/revisions"}],"predecessor-version":[{"id":3199,"href":"https:\/\/www.residenceclara.com\/it\/wp-json\/wp\/v2\/pages\/2452\/revisions\/3199"}],"wp:attachment":[{"href":"https:\/\/www.residenceclara.com\/it\/wp-json\/wp\/v2\/media?parent=2452"}],"curies":[{"name":"wp","href":"https:\/\/api.w.org\/{rel}","templated":true}]}}